{"id":8324,"date":"2021-07-29T15:35:53","date_gmt":"2021-07-29T13:35:53","guid":{"rendered":"https:\/\/www.aurorabook.com\/?page_id=8324"},"modified":"2024-04-05T11:30:52","modified_gmt":"2024-04-05T09:30:52","slug":"presentazione-aurora-kids","status":"publish","type":"page","link":"https:\/\/www.aurorabook.com\/it\/presentazione-aurora-kids\/","title":{"rendered":"Gli Album Kids"},"content":{"rendered":"[vc_row center_row=&#8221;yes&#8221; match_column_height=&#8221;yes&#8221;][vc_column css=&#8221;.vc_custom_1475836977142{border-bottom-width: 2px !important;}&#8221;][vc_column_text]\n<p style=\"text-align: center;\"><span style=\"font-size: 21px;\">La collezione Aurora Kids \u00e8 stata pensata per soddisfare le esigenze dei fotografi professionisti <\/span><br \/>\n<span style=\"font-size: 21px;\">che desiderano raccontare i momenti pi\u00f9 importanti della vita dei pi\u00f9 piccoli.<\/span><br \/>\n<span style=\"font-size: 21px;\">La nostra missione \u00e8 creare un libro speciale dalle tue immagini digitali, unico nel suo genere, <\/span><br \/>\n<span style=\"font-size: 21px;\">fatto a mano da maestri artigiani italiani. <\/span><br \/>\n<span style=\"font-size: 21px;\">Aurora Kids applica i pi\u00f9 alti standard di creativit\u00e0, qualit\u00e0 e innovazione <\/span><br \/>\n<span style=\"font-size: 21px;\">con l\u2019intento di offrire una vasta scelta di album curati nei minimi dettagli.<\/span>[\/vc_column_text][\/vc_column][\/vc_row][vc_row equal_height=&#8221;yes&#8221; center_row=&#8221;yes&#8221; css=&#8221;.vc_custom_1629901551708{margin-top: -10px !important;}&#8221;][vc_column width=&#8221;1\/2&#8243; css=&#8221;.vc_custom_1629901489113{margin-right: 10px !important;border-top-width: 1px !important;border-right-width: 1px !important;border-bottom-width: 1px !important;border-left-width: 1px !important;border-left-color: #dddddd !important;border-left-style: solid !important;border-right-color: #dddddd !important;border-right-style: solid !important;border-top-color: #dddddd !important;border-top-style: solid !important;border-bottom-color: #dddddd !important;border-bottom-style: solid !important;}&#8221;][vc_single_image image=&#8221;8335&#8243; alignment=&#8221;center&#8221;]<h4 class=\"vcex-module vcex-heading vcex-heading-plain\" style=\"color:#878787;font-family:Georgia, serif;font-size:24px;font-weight:600;text-align:center;text-transform:none;\"><span class=\"vcex-heading-inner clr\">Album Fotografico<\/span><\/h4>[vc_column_text]\n<p style=\"text-align: center;\">Stampa digitale professionale su carta fotografica, disponibile su superficie lucida, opaca, Y e Velvet.<\/p>\n<p>&nbsp;[\/vc_column_text][\/vc_column][vc_column width=&#8221;1\/2&#8243; css=&#8221;.vc_custom_1629901495871{margin-left: 10px !important;border-top-width: 1px !important;border-right-width: 1px !important;border-bottom-width: 1px !important;border-left-width: 1px !important;padding-bottom: 20px !important;border-left-color: #dddddd !important;border-left-style: solid !important;border-right-color: #dddddd !important;border-right-style: solid !important;border-top-color: #dddddd !important;border-top-style: solid !important;border-bottom-color: #dddddd !important;border-bottom-style: solid !important;}&#8221;][vc_single_image image=&#8221;8337&#8243; alignment=&#8221;center&#8221;]<h4 class=\"vcex-module vcex-heading vcex-heading-plain\" style=\"color:#878787;font-family:Georgia, serif;font-size:24px;font-weight:600;text-align:center;text-transform:none;\"><span class=\"vcex-heading-inner clr\">Album Offset<\/span><\/h4>[vc_column_text]\n<p style=\"text-align: center;\">Stampa digitale offset, realizzata con tecnologia ElectroInk Hp Indigo, disponibile su carta Tintoretto, X-Per e Telata. Rilegatura a brossura.<\/p>\n[\/vc_column_text][\/vc_column][vc_column width=&#8221;1\/2&#8243; css=&#8221;.vc_custom_1629901578149{margin-right: 10px !important;border-top-width: 1px !important;border-right-width: 1px !important;border-bottom-width: 1px !important;border-left-width: 1px !important;padding-bottom: 20px !important;border-left-color: #dddddd !important;border-right-color: #dddddd !important;border-top-color: #dddddd !important;border-bottom-color: #dddddd !important;border-radius: 1px !important;}&#8221;][vc_single_image image=&#8221;8333&#8243; alignment=&#8221;center&#8221; css=&#8221;.vc_custom_1629810273935{margin-right: 5px !important;margin-left: 0px !important;border-top-width: 0px !important;border-right-width: 0px !important;border-bottom-width: 0px !important;border-left-width: 0px !important;border-left-color: #dddddd !important;border-right-color: #dddddd !important;border-top-color: #dddddd !important;border-bottom-color: #dddddd !important;}&#8221;]<h4 class=\"vcex-module vcex-heading vcex-heading-plain\" style=\"color:#878787;font-family:Georgia, serif;font-size:24px;font-weight:600;text-align:center;text-transform:none;\"><span class=\"vcex-heading-inner clr\">Album Fine Art<\/span><\/h4>[vc_column_text]\n<p style=\"text-align: center;\">Stampa Fine Art di altissima qualit\u00e0, certificata Epson Digigraphie, su carta Prestige Photo Matte.<\/p>\n[\/vc_column_text][\/vc_column][vc_column width=&#8221;1\/2&#8243; css=&#8221;.vc_custom_1629901626261{margin-left: 10px !important;border-top-width: 1px !important;border-right-width: 1px !important;border-bottom-width: 1px !important;border-left-width: 1px !important;padding-bottom: 18px !important;border-left-color: #dddddd !important;border-right-color: #dddddd !important;border-top-color: #dddddd !important;border-bottom-color: #dddddd !important;border-radius: 1px !important;}&#8221;][vc_single_image image=&#8221;8341&#8243; alignment=&#8221;center&#8221; onclick=&#8221;custom_link&#8221; link=&#8221;https:\/\/www.aurorabook.com\/it\/aurora-kids\/ko-book\/&#8221;]<h4 class=\"vcex-heading-link-wrap clr\"><a class=\"vcex-module vcex-heading vcex-heading-plain\" href=\"https:\/\/www.aurorabook.com\/it\/aurora-kids\/ko-book\/\" title=\"Ko Book\" style=\"color:#878787;font-family:Georgia, serif;font-size:24px;font-weight:600;text-align:center;text-transform:none;\"><span class=\"vcex-heading-inner clr\">Ko Album<\/span><\/a><\/h4>[vc_column_text]\n<p style=\"text-align: center;\">Stampa digital offset, su carta Tintoretto 250g, X-Per 250g, Telata 280g. Rilegatura Giapponese.<\/p>\n[\/vc_column_text][\/vc_column][\/vc_row][vc_row equal_height=&#8221;yes&#8221; center_row=&#8221;yes&#8221;][vc_column width=&#8221;1\/2&#8243; css=&#8221;.vc_custom_1629901636716{margin-right: 10px !important;border-top-width: 1px !important;border-right-width: 1px !important;border-bottom-width: 1px !important;border-left-width: 1px !important;padding-bottom: 20px !important;border-left-color: #dddddd !important;border-right-color: #dddddd !important;border-top-color: #dddddd !important;border-bottom-color: #dddddd !important;}&#8221;][vc_single_image image=&#8221;8331&#8243; alignment=&#8221;center&#8221; onclick=&#8221;custom_link&#8221; link=&#8221;https:\/\/www.aurorabook.com\/it\/presentazione-aurora-kids\/museum-book\/&#8221;]<h4 class=\"vcex-heading-link-wrap clr\"><a class=\"vcex-module vcex-heading vcex-heading-plain\" href=\"https:\/\/www.aurorabook.com\/it\/presentazione-aurora-kids\/museum-book\/\" title=\"Museum Book\" style=\"color:#878787;font-family:Georgia, serif;font-size:24px;font-weight:600;text-align:center;text-transform:none;\"><span class=\"vcex-heading-inner clr\">Album Museum<\/span><\/a><\/h4>[vc_column_text]\n<p style=\"text-align: center;\">Matted Album con passe-partout disponibile nei colori avorio, bianco, perla e pietra. Le stampe sono realizzate su carta fotografica, disponibili su superficie lucida, opaca, Y, Velvet e su carta Fine-art.<\/p>\n[\/vc_column_text][\/vc_column][vc_column width=&#8221;1\/2&#8243; css=&#8221;.vc_custom_1629901651405{margin-left: 10px !important;border-top-width: 1px !important;border-right-width: 1px !important;border-bottom-width: 1px !important;border-left-width: 1px !important;padding-bottom: 71px !important;border-left-color: #dddddd !important;border-right-color: #dddddd !important;border-top-color: #dddddd !important;border-bottom-color: #dddddd !important;border-radius: 1px !important;}&#8221;][vc_single_image image=&#8221;8719&#8243; alignment=&#8221;center&#8221;]<h4 class=\"vcex-module vcex-heading vcex-heading-plain\" style=\"color:#878787;font-family:Georgia, serif;font-size:24px;font-weight:600;text-align:center;text-transform:none;\"><span class=\"vcex-heading-inner clr\">Album Tradizionale<\/span><\/h4>[vc_column_text]\n<p style=\"text-align: center;\">Blocco realizzato in cartoncino di ottima qualit\u00e0, di colore avorio con veline.<\/p>\n[\/vc_column_text][\/vc_column][\/vc_row][vc_row equal_height=&#8221;yes&#8221; center_row=&#8221;yes&#8221;][vc_column width=&#8221;1\/2&#8243; css=&#8221;.vc_custom_1629901664429{margin-right: 10px !important;border-top-width: 1px !important;border-right-width: 1px !important;border-bottom-width: 1px !important;border-left-width: 1px !important;padding-bottom: 30px !important;border-left-color: #dddddd !important;border-right-color: #dddddd !important;border-top-color: #dddddd !important;border-bottom-color: #dddddd !important;border-radius: 1px !important;}&#8221;][vc_single_image image=&#8221;8329&#8243; alignment=&#8221;center&#8221; onclick=&#8221;custom_link&#8221; link=&#8221;https:\/\/www.aurorabook.com\/it\/aurora-kids\/memory\/&#8221;]<h4 class=\"vcex-heading-link-wrap clr\"><a class=\"vcex-module vcex-heading vcex-heading-plain\" href=\"https:\/\/www.aurorabook.com\/it\/aurora-kids\/memory\/\" title=\"Memory Book\" style=\"color:#878787;font-family:Georgia, serif;font-size:24px;font-weight:600;text-align:center;text-transform:none;\"><span class=\"vcex-heading-inner clr\">Memory Album<\/span><\/a><\/h4>[vc_column_text]\n<p style=\"text-align: center;\">L\u2019album illustrato dei ricordi, personalizzabile con testi e fotografie, stampato in digital offset su carta speciale X-Per. Rilegatura a brossura.<\/p>\n[\/vc_column_text][\/vc_column][vc_column width=&#8221;1\/2&#8243; css=&#8221;.vc_custom_1629901679861{margin-left: 10px !important;}&#8221;][vc_column_text]\n<p style=\"text-align: left;\"><strong><span style=\"font-size: 24px;\">Caratteristiche<\/span><\/strong><\/p>\n<p style=\"text-align: left;\"><span style=\"font-size: 21px;\">Qualit\u00e0 e innovazione<\/span><\/p>\n<p style=\"text-align: left;\"><span style=\"font-size: 18px;\">Ogni dettaglio \u00e8 stato pensato appositamente per qualificarti presso i tuoi clienti:<\/span><br \/>\n\u2022 Oltre 100 tipi di copertine realizzate a mano da Maestri artigiani italiani<br \/>\n\u2022 In assoluto il miglior sistema di rilegatura<br \/>\n\u2022 Numerose nobilitazioni per personalizzare ed impreziosire le tue creazioni<br \/>\n\u2022 Una vasta gamma di prodotti accessori per valorizzare il servizio fotografico<br \/>\n\u2022 Un packaging creativo per presentare i tuoi Album[\/vc_column_text][\/vc_column][\/vc_row][vc_row equal_height=&#8221;yes&#8221; center_row=&#8221;yes&#8221; css=&#8221;.vc_custom_1627564220847{margin-top: 10px !important;}&#8221;][vc_column css=&#8221;.vc_custom_1475836977142{border-bottom-width: 2px !important;}&#8221;][\/vc_column][\/vc_row]\n","protected":false},"excerpt":{"rendered":"<p>[vc_row center_row=&#8221;yes&#8221; match_column_height=&#8221;yes&#8221;][vc_column css=&#8221;.vc_custom_1475836977142{border-bottom-width: 2px !important;}&#8221;][vc_column_text] La collezione Aurora Kids \u00e8 stata pensata per soddisfare le esigenze dei fotografi professionisti che desiderano raccontare i momenti pi\u00f9 importanti della vita dei pi\u00f9 piccoli. La nostra missione \u00e8 creare un libro speciale&hellip;<\/p>\n","protected":false},"author":1,"featured_media":0,"parent":0,"menu_order":0,"comment_status":"closed","ping_status":"closed","template":"","meta":[],"_links":{"self":[{"href":"https:\/\/www.aurorabook.com\/it\/wp-json\/wp\/v2\/pages\/8324"}],"collection":[{"href":"https:\/\/www.aurorabook.com\/it\/wp-json\/wp\/v2\/pages"}],"about":[{"href":"https:\/\/www.aurorabook.com\/it\/wp-json\/wp\/v2\/types\/page"}],"author":[{"embeddable":true,"href":"https:\/\/www.aurorabook.com\/it\/wp-json\/wp\/v2\/users\/1"}],"replies":[{"embeddable":true,"href":"https:\/\/www.aurorabook.com\/it\/wp-json\/wp\/v2\/comments?post=8324"}],"version-history":[{"count":29,"href":"https:\/\/www.aurorabook.com\/it\/wp-json\/wp\/v2\/pages\/8324\/revisions"}],"predecessor-version":[{"id":12946,"href":"https:\/\/www.aurorabook.com\/it\/wp-json\/wp\/v2\/pages\/8324\/revisions\/12946"}],"wp:attachment":[{"href":"https:\/\/www.aurorabook.com\/it\/wp-json\/wp\/v2\/media?parent=8324"}],"curies":[{"name":"wp","href":"https:\/\/api.w.org\/{rel}","templated":true}]}}