{"id":4188,"date":"2016-10-13T15:13:22","date_gmt":"2016-10-13T13:13:22","guid":{"rendered":"http:\/\/www.aurorabook.com\/?page_id=4188"},"modified":"2019-05-08T10:53:59","modified_gmt":"2019-05-08T08:53:59","slug":"privacy","status":"publish","type":"page","link":"https:\/\/www.aurorabook.com\/it\/privacy\/","title":{"rendered":"Privacy"},"content":{"rendered":"[vc_row center_row=&#8221;yes&#8221;][vc_column][vc_column_text]<strong>INFORMATIVA SUL TRATTAMENTO DEI DATI PERSONALI<\/strong><\/p>\n<p><strong>Unicolor S.p.a.,<\/strong> con sede in via Fiumicino 3, 33082 ad Azzano Decimo (PN), in qualit\u00e0 di titolare del trattamento dei suoi dati personali (di seguito \u201cTitolare\u201d), rilascia la presente informativa nel rispetto della disciplina europea e italiana in materia di protezione dei dati personali, allo scopo di farti conoscere le finalit\u00e0 e le modalit\u00e0 del trattamento dei dati personali che potresti comunicare durante la navigazione nel presente sito web (di seguito \u201cSito\u201d).<\/p>\n<p>Si precisa che la presente informativa si riferisce unicamente al Sito e non a siti web di soggetti terzi, eventualmente raggiungibili dall\u2019Utente mediante link in esso presenti.<\/p>\n<p>Il Titolare ha nominato un responsabile della protezione dei dati (DPO), che potr\u00e0 contattare scrivendo al seguente recapito: dpo@unicolor.net<\/p>\n<p>&nbsp;<\/p>\n<p><strong><u>CATEGORIE DI DATI TRATTATI<\/u><\/strong><\/p>\n<p><strong>Dati di navigazione<\/strong><\/p>\n<p>I sistemi informatici e le procedure software preposte al funzionamento di questo sito web acquisiscono, nel corso del loro normale esercizio, alcuni dati personali la cui trasmissione \u00e8 implicita nell&#8217;uso dei protocolli di comunicazione di Internet. Si tratta di informazioni che non sono raccolte per essere associate a interessati identificati, ma che per loro stessa natura potrebbero, attraverso elaborazioni ed associazioni con dati detenuti da terzi, permettere di identificare gli utenti. In questa categoria di dati rientrano, ad esempio, gli indirizzi IP o i nomi a dominio dei computer utilizzati dagli utenti che si connettono al sito, gli indirizzi in notazione URI (Uniform Resource Identifier) delle risorse richieste, l&#8217;orario della richiesta, il metodo utilizzato nel sottoporre la richiesta al server, la dimensione del file ottenuto in risposta, il codice numerico indicante lo stato della risposta data dal server (buon fine, errore, ecc.) ed altri parametri relativi al sistema operativo e all&#8217;ambiente informatico dell&#8217;utente. Questi dati vengono utilizzati al solo fine di ricavare informazioni statistiche anonime sull&#8217;uso del sito e per controllarne il corretto funzionamento e vengono cancellati immediatamente dopo l&#8217;elaborazione. Per necessit\u00e0 legate al funzionamento ed alla manutenzione, il Sito e gli eventuali servizi terzi da esso utilizzati potrebbero raccogliere Log di sistema, ossia file che registrano le interazioni e che possono contenere anche Dati Personali, quali l\u2019indirizzo IP Utente.<\/p>\n<p><strong>Dati forniti volontariamente dall\u2019Utente<\/strong><\/p>\n<p>L&#8217;invio di posta elettronica agli indirizzi indicati nel Sito &#8211; facoltativo, esplicito e volontario &#8211; comporta la successiva acquisizione tuo indirizzo e-mail, necessario per rispondere alle richieste, nonch\u00e9 degli ulteriori dati personali eventualmente comunicati. Nel Sito sono presenti form di compilazione, corredati da specifiche informative sul trattamento dei dati personali svolto e, laddove necessario, da richieste di consenso: ti invitiamo pertanto a prenderne visione prima di procedere con l\u2019utilizzo del form.<\/p>\n<p><strong>Cookie<\/strong><\/p>\n<p>In conformit\u00e0 al Provvedimento del Garante per la protezione dei dati personali n. 229 dell&#8217;8 maggio 2014, recante &#8220;Individuazione delle modalit\u00e0 semplificate per l&#8217;informativa e l&#8217;acquisizione del consenso per l&#8217;uso dei cookie&#8221;, ti informiamo sull\u2019utilizzo dei cookie di navigazione nel presente Sito.<\/p>\n<p>&nbsp;<\/p>\n<p><em>Cosa sono i cookie.<\/em><\/p>\n<p>Un cookie \u00e8 un file di piccole dimensioni che viene inviato al browser in uso e salvato sul tuo dispositivo quando visiti un sito internet come aurorabook.com I cookie permettono un funzionamento efficiente del Sito e ne migliorano le prestazioni, forniscono informazioni al proprietario del Sito per fini statistici o pubblicitari, principalmente per personalizzare la tua esperienza di navigazione ricordando le tue preferenze. Il Sito utilizza diverse tipologie di cookie di prima parte (predisposti e gestiti da noi e di terze parti (predisposti e gestiti da soggetti terzi in base alle proprie privacy policy e non sotto il nostro controllo): di seguito una tabella esplicativa<\/p>\n<p>&nbsp;<\/p>\n<table>\n<tbody>\n<tr>\n<td width=\"321\">TIPOLOGIA DI COOKIE<\/td>\n<td width=\"321\">FUNZIONE<\/td>\n<\/tr>\n<tr>\n<td width=\"321\">cookie tecnici (di sessione o navigazione)<\/td>\n<td width=\"321\">Garantiscono la normale navigazione e fruizione del sito web e sono quindi finalizzati a rendere funzionale ed ottimizzare la stessa navigazione all\u2019interno del sito.<\/td>\n<\/tr>\n<tr>\n<td width=\"321\">cookie di funzionalit\u00e0<\/td>\n<td width=\"321\">Sono strettamente necessari per fornire servizi esplicitamente richiesti dall\u2019utente.<\/td>\n<\/tr>\n<tr>\n<td width=\"321\">cookie analitici prima parte<\/td>\n<td width=\"321\">Sono utilizzati e realizzati esclusivamente da noi per raccogliere informazioni, in forma aggregata ed anonima, sul numero degli utenti e su come gli utenti visitano il sito.<\/td>\n<\/tr>\n<tr>\n<td width=\"321\">cookie analitici terze parti (Google Analytics)<\/td>\n<td width=\"321\">Abbiamo adottato idonei strumenti per far s\u00ec che il trattamento con questi cookie sia effettuato per meri fini statistici.<\/td>\n<\/tr>\n<\/tbody>\n<\/table>\n<p>&nbsp;<\/p>\n<p><em>Abilitazione e disabilitazione dei cookie<\/em><em> dal Browser.<\/em><\/p>\n<p><em>\u00a0<\/em><\/p>\n<p>La maggior parte dei browser \u00e8 configurata per accettare, controllare o eventualmente disabilitare i cookie attraverso le impostazioni. Ti ricordiamo tuttavia che disabilitare i cookie di navigazione o quelli funzionali pu\u00f2 causare un insoddisfacente funzionamento del sito e\/o limitare il servizio che offriamo.<\/p>\n<p>Qui sotto il percorso da seguire per gestire i cookie dai seguenti browser:<\/p>\n<p>Internet Explorer: <a href=\"http:\/\/windows.microsoft.com\/it-it\/windows7\/block-enable-or-allow-cookies\">http:\/\/windows.microsoft.com\/it-it\/windows7\/block-enable-or-allow-cookies<\/a><\/p>\n<p>Safari: <a href=\"http:\/\/support.apple.com\/kb\/PH19255\">http:\/\/support.apple.com\/kb\/PH19255<\/a><\/p>\n<p>Chrome: <a href=\"https:\/\/support.google.com\/chrome\/answer\/95647?hl=it-IT&amp;hlrm=fr&amp;hlrm=en\">https:\/\/support.google.com\/chrome\/answer\/95647?hl=it-IT&amp;hlrm=fr&amp;hlrm=en<\/a><\/p>\n<p>&nbsp;<\/p>\n<p><strong><u>FINALIT\u00c0 E BASE GIURIDICA DEL TRATTAMENTO, NATURA DEL CONFERIMENTO DEI DATI E CONSEGUENZE IN CASO DI RIFIUTO<\/u><\/strong><\/p>\n<p>Il Titolare tratter\u00e0 i tuoi dati per agevolare la navigazione e per fornire i servizi da te eventualmente richiesti tramite i moduli appositamente predisposti nel Sito. A parte quanto specificato per i dati di navigazione e per i cookie tecnici, nell\u2019ambito delle sezioni del Sito predisposte per particolari servizi a tua richiesta sarai libero di fornire i tuoi dati personali per le finalit\u00e0 riportate nelle rispettive informative, ma il loro mancato conferimento pu\u00f2 comportare l&#8217;impossibilit\u00e0 di ottenere il servizio richiesto.<\/p>\n<p>&nbsp;<\/p>\n<p><strong><u>PERIODO DI CONSERVAZIONE DEI DATI<\/u><\/strong><\/p>\n<p>Il Titolare tratter\u00e0 i dati personali raccolti attraverso l\u2019utilizzo del Sito per il tempo strettamente necessario a conseguire gli scopi per cui sono stati raccolti nonch\u00e9, terminato quest\u2019ultimo, per i tempi eventualmente stabiliti dalle norme vigenti.<\/p>\n<p>Per maggiori dettagli, si rimanda alle eventualmente informative predisposte per particolari servizi.<\/p>\n<p><strong><u>AMBITO DI COMUNICAZIONE DEI DATI E CATEGORIE DI DESTINATARI<\/u><\/strong><\/p>\n<p>Il Titolare non diffonder\u00e0 i dati, ma intende comunicarli a figure interne autorizzate al trattamento in ragione delle rispettive mansioni, nonch\u00e9 a soggetti esterni a cui si rendesse necessario comunicare i dati. Tali destinatari, ove dovessero trattare dati per conto del Titolare, saranno nominati responsabili del trattamento con apposito contratto o altro atto giuridico.<\/p>\n<p>Per maggiori dettagli, si rimanda alle informative predisposte per particolari servizi.<\/p>\n<p><strong><u>TRASFERIMENTO DATI VERSO UN PAESE TERZO E\/O UN\u2019ORGANIZZAZIONE INTERNAZIONALE<\/u><\/strong><\/p>\n<p>I dati personali non saranno oggetto di trasferimento n\u00e9 verso Paesi terzi non europei n\u00e9 verso organizzazioni internazionali.<\/p>\n<p><strong><u>DIRITTI DEGLI INTERESSATI<\/u><\/strong><\/p>\n<p>\u00c8 tuo diritto chiedere al Titolare di accedere ai tuoi dati personali e di rettificarli se inesatti, di cancellarli o limitarne il trattamento se ne ricorrono i presupposti, di opporti al loro trattamento per legittimi interessi perseguiti da Titolare, nonch\u00e9 di ottenere la portabilit\u00e0 dei dati personalmente forniti solo se oggetto di un trattamento automatizzato basato sul consenso o sul contratto. Hai altres\u00ec il diritto di revocare il consenso prestato per le finalit\u00e0 di trattamento che lo richiedono, ferma restando la liceit\u00e0 del trattamento effettuato sino al momento della revoca.<\/p>\n<p>Per esercitare i tuoi diritti, puoi utilizzare il modulo disponibile <a href=\"https:\/\/www.garanteprivacy.it\/web\/guest\/home\/docweb\/-\/docweb-display\/docweb\/1089924\">qui<\/a> e inoltrarlo al seguente recapito: <a href=\"mailto:Privacy@unicolor.net\">Privacy@unicolor.net<\/a> \u00a0Ti ricordiamo infine che hai anche il diritto di proporre reclamo all\u2019autorit\u00e0 di controllo competente in materia, Garante per la protezione dei dati personali (<a href=\"http:\/\/www.garanteprivacy.it\">www.garanteprivacy.it<\/a>).<\/p>\n<p>Ultimo aggiornamento: Aprile 2019.<\/p>\n<p>&nbsp;<\/p>\n<p>La presente informativa potrebbe subire modifiche: ti consigliamo quindi di controllare la data dell\u2019ultima revisione. Qualunque cambiamento avr\u00e0 effetto dalla data di pubblicazione sul Sito, ma le modifiche ritenute pi\u00f9 significative ti saranno comunicate, laddove possibile (per esempio, se fossi iscritto al nostro servizio di newsletter).[\/vc_column_text][\/vc_column][\/vc_row]\n","protected":false},"excerpt":{"rendered":"<p>[vc_row center_row=&#8221;yes&#8221;][vc_column][vc_column_text]INFORMATIVA SUL TRATTAMENTO DEI DATI PERSONALI Unicolor S.p.a., con sede in via Fiumicino 3, 33082 ad Azzano Decimo (PN), in qualit\u00e0 di titolare del trattamento dei suoi dati personali (di seguito \u201cTitolare\u201d), rilascia la presente informativa nel rispetto della&hellip;<\/p>\n","protected":false},"author":394,"featured_media":0,"parent":0,"menu_order":0,"comment_status":"closed","ping_status":"closed","template":"","meta":[],"_links":{"self":[{"href":"https:\/\/www.aurorabook.com\/it\/wp-json\/wp\/v2\/pages\/4188"}],"collection":[{"href":"https:\/\/www.aurorabook.com\/it\/wp-json\/wp\/v2\/pages"}],"about":[{"href":"https:\/\/www.aurorabook.com\/it\/wp-json\/wp\/v2\/types\/page"}],"author":[{"embeddable":true,"href":"https:\/\/www.aurorabook.com\/it\/wp-json\/wp\/v2\/users\/394"}],"replies":[{"embeddable":true,"href":"https:\/\/www.aurorabook.com\/it\/wp-json\/wp\/v2\/comments?post=4188"}],"version-history":[{"count":5,"href":"https:\/\/www.aurorabook.com\/it\/wp-json\/wp\/v2\/pages\/4188\/revisions"}],"predecessor-version":[{"id":4986,"href":"https:\/\/www.aurorabook.com\/it\/wp-json\/wp\/v2\/pages\/4188\/revisions\/4986"}],"wp:attachment":[{"href":"https:\/\/www.aurorabook.com\/it\/wp-json\/wp\/v2\/media?parent=4188"}],"curies":[{"name":"wp","href":"https:\/\/api.w.org\/{rel}","templated":true}]}}