{"id":3705,"date":"2016-10-07T14:19:00","date_gmt":"2016-10-07T12:19:00","guid":{"rendered":"http:\/\/www.aurorabook.com\/?page_id=3705"},"modified":"2023-02-23T16:17:00","modified_gmt":"2023-02-23T15:17:00","slug":"linda","status":"publish","type":"page","link":"https:\/\/www.aurorabook.com\/it\/aurora-couture\/linda\/","title":{"rendered":"Linda"},"content":{"rendered":"[vc_row center_row=&#8221;yes&#8221;][vc_column width=&#8221;2\/3&#8243;][rev_slider_vc alias=&#8221;linda&#8221;][\/vc_column][vc_column width=&#8221;1\/3&#8243; css=&#8221;.vc_custom_1475597465569{padding-bottom: 20px !important;}&#8221;][vc_column_text css=&#8221;.vc_custom_1620734925107{margin-top: 10px !important;margin-bottom: 10px !important;}&#8221;]Copertina realizzata con tessuti preziosi. Il fronte \u00e8 rivestito in raso ricamato bianco (Prestige 01), la costa e il retro sono in velluto lucido, con effetto cangiante, colore grigio (VE04).[\/vc_column_text]<h4 class=\"vcex-module vcex-heading vcex-heading-plain vc_custom_1651669895043\"><span class=\"vcex-heading-inner clr\">Album Fotografico<\/span><\/h4>[vc_column_text]Carta fotografica lucida, opaca, Y, metal e velvet.[\/vc_column_text]<h4 class=\"vcex-module vcex-heading vcex-heading-plain vc_custom_1651669907611\"><span class=\"vcex-heading-inner clr\">Album Fine-Art<\/span><\/h4>[vc_column_text]Carta Fine-art Prestige Photo Matte 230 g.[\/vc_column_text]<h4 class=\"vcex-module vcex-heading vcex-heading-plain vc_custom_1651669921349\"><span class=\"vcex-heading-inner clr\">ALBUM MUSEUM<\/span><\/h4>[vc_column_text]Album con passe-partout in cartoncino disponibile nei colori avorio, bianco, perla e pietra. Stampe su carta fotografica lucida, opaca, Y, velvet e Fine Art.<br \/>\nFormato: 30\u00d730.[\/vc_column_text]<h4 class=\"vcex-module vcex-heading vcex-heading-plain vc_custom_1651669942905\"><span class=\"vcex-heading-inner clr\">Album Tradizionale<\/span><\/h4>[vc_column_text]Blocco tradizionale nei colori nero, bianco e avorio, con o senza velina.<br \/>\nFormati: 30\u00d730 35\u00d735 40\u00d730.[\/vc_column_text][\/vc_column][\/vc_row][vc_row center_row=&#8221;yes&#8221;][vc_column][vc_separator]<h3 class=\"vcex-module vcex-heading vcex-heading-plain vc_custom_1573828050883 wpex-responsive-txt\" data-max-font-size=\"18\" data-min-font-size=\"12\" style=\"color:#707070;font-size:18px;font-weight:400;text-align:left;\"><span class=\"vcex-heading-inner clr\">Formati<\/span><\/h3>[vc_separator][\/vc_column][vc_column width=&#8221;1\/6&#8243;][vc_single_image image=&#8221;3580&#8243; css=&#8221;.vc_custom_1475764618814{padding-bottom: 20px !important;}&#8221;][vc_column_text]<strong>Verticale<br \/>\n<\/strong><\/p>\n<p>20&#215;30&nbsp;cm<br \/>\n24&#215;32 cm<br \/>\n30&#215;40&nbsp;cm<br \/>\n30&#215;45 cm[\/vc_column_text][\/vc_column][vc_column width=&#8221;1\/6&#8243;][vc_single_image image=&#8221;3578&#8243; css=&#8221;.vc_custom_1475764761758{padding-bottom: 50px !important;}&#8221;][vc_column_text]<strong>Orizzontale<\/strong><\/p>\n<p>30&#215;20&nbsp;cm<br \/>\n35&#215;24&nbsp;cm<br \/>\n40&#215;30&nbsp;cm[\/vc_column_text][\/vc_column][vc_column width=&#8221;1\/6&#8243;][vc_single_image image=&#8221;3582&#8243; css=&#8221;.vc_custom_1475764787003{padding-bottom: 40px !important;}&#8221;][vc_column_text]<strong>Quadrato<\/strong><\/p>\n<p>25&#215;25 cm<br \/>\n30&#215;30 cm<br \/>\n35&#215;35\u00a0cm<br \/>\n40&#215;40 cm[\/vc_column_text][\/vc_column][\/vc_row][vc_row center_row=&#8221;yes&#8221;][vc_column css=&#8221;.vc_custom_1475597324312{padding-top: 20px !important;padding-bottom: 20px !important;}&#8221;][vc_separator]<h3 class=\"vcex-module vcex-heading vcex-heading-plain vc_custom_1475598525299 wpex-responsive-txt\" data-max-font-size=\"18\" data-min-font-size=\"12\" style=\"color:#707070;font-size:18px;font-weight:400;text-align:left;\"><span class=\"vcex-heading-inner clr\">Accessori<\/span><\/h3>[vc_separator]<h4 class=\"vcex-heading-link-wrap clr\"><a class=\"vcex-module vcex-heading vcex-heading-plain vc_custom_1574089636081\" href=\"http:\/\/www.aurorabook.com\/minibook\/\" title=\"Linda\"><span class=\"vcex-heading-inner clr\">MINIBOOK<\/span><\/a><\/h4>[vc_column_text]\n<p class=\"p1\">Minibook Genitori disponibile senza nobilitazione.<\/p>\n[\/vc_column_text]<h4 class=\"vcex-heading-link-wrap clr\"><a class=\"vcex-module vcex-heading vcex-heading-plain vc_custom_1573828227265\" href=\"http:\/\/www.aurorabook.com\/packaging\/\" title=\"Packaging\"><span class=\"vcex-heading-inner clr\">PACKAGING<\/span><\/a><\/h4>[vc_separator][vc_single_image image=&#8221;9325&#8243; css=&#8221;.vc_custom_1634215919418{margin-top: 30px !important;}&#8221;][vc_separator]<h4 class=\"vcex-heading-link-wrap clr\"><a class=\"vcex-module vcex-heading vcex-heading-plain vc_custom_1574788063988\" href=\"http:\/\/www.aurorabook.com\/materiali-e-cartella-colori\/\" title=\"Linda\"><span class=\"vcex-heading-inner clr\">materiali e cartella colori<\/span><\/a><\/h4>[\/vc_column][\/vc_row]\n","protected":false},"excerpt":{"rendered":"<p>[vc_row center_row=&#8221;yes&#8221;][vc_column width=&#8221;2\/3&#8243;][rev_slider_vc alias=&#8221;linda&#8221;][\/vc_column][vc_column width=&#8221;1\/3&#8243; css=&#8221;.vc_custom_1475597465569{padding-bottom: 20px !important;}&#8221;][vc_column_text css=&#8221;.vc_custom_1620734925107{margin-top: 10px !important;margin-bottom: 10px !important;}&#8221;]Copertina realizzata con tessuti preziosi. Il fronte \u00e8 rivestito in raso ricamato bianco (Prestige 01), la costa e il retro sono in velluto lucido, con effetto cangiante, colore&hellip;<\/p>\n","protected":false},"author":394,"featured_media":0,"parent":3499,"menu_order":0,"comment_status":"closed","ping_status":"closed","template":"","meta":[],"_links":{"self":[{"href":"https:\/\/www.aurorabook.com\/it\/wp-json\/wp\/v2\/pages\/3705"}],"collection":[{"href":"https:\/\/www.aurorabook.com\/it\/wp-json\/wp\/v2\/pages"}],"about":[{"href":"https:\/\/www.aurorabook.com\/it\/wp-json\/wp\/v2\/types\/page"}],"author":[{"embeddable":true,"href":"https:\/\/www.aurorabook.com\/it\/wp-json\/wp\/v2\/users\/394"}],"replies":[{"embeddable":true,"href":"https:\/\/www.aurorabook.com\/it\/wp-json\/wp\/v2\/comments?post=3705"}],"version-history":[{"count":28,"href":"https:\/\/www.aurorabook.com\/it\/wp-json\/wp\/v2\/pages\/3705\/revisions"}],"predecessor-version":[{"id":12648,"href":"https:\/\/www.aurorabook.com\/it\/wp-json\/wp\/v2\/pages\/3705\/revisions\/12648"}],"up":[{"embeddable":true,"href":"https:\/\/www.aurorabook.com\/it\/wp-json\/wp\/v2\/pages\/3499"}],"wp:attachment":[{"href":"https:\/\/www.aurorabook.com\/it\/wp-json\/wp\/v2\/media?parent=3705"}],"curies":[{"name":"wp","href":"https:\/\/api.w.org\/{rel}","templated":true}]}}