{"id":3496,"date":"2016-10-06T14:45:40","date_gmt":"2016-10-06T12:45:40","guid":{"rendered":"http:\/\/www.aurorabook.com\/?page_id=3496"},"modified":"2026-03-25T15:45:16","modified_gmt":"2026-03-25T14:45:16","slug":"packaging","status":"publish","type":"page","link":"https:\/\/www.aurorabook.com\/it\/packaging\/","title":{"rendered":"Packaging"},"content":{"rendered":"[vc_row center_row=&#8221;yes&#8221; css=&#8221;.vc_custom_1574540194213{padding-top: 30px !important;padding-bottom: 30px !important;}&#8221;][vc_column width=&#8221;2\/3&#8243;][rev_slider_vc alias=&#8221;wedding-box21&#8243;][\/vc_column][vc_column width=&#8221;1\/3&#8243;][vc_separator]<h2 class=\"vcex-module vcex-heading vcex-heading-plain\" style=\"font-size:32px;text-align:center;\"><span class=\"vcex-heading-inner clr\">Aurora Box<\/span><\/h2>[vc_separator][vc_column_text css=&#8221;.vc_custom_1620221877033{padding-top: 30px !important;}&#8221;]\n<div class=\"page\" title=\"Page 97\">\n<div class=\"section\">\n<div class=\"layoutArea\">\n<div class=\"column\">\n<div class=\"page\" title=\"Page 92\">\n<div class=\"layoutArea\">\n<div class=\"column\">\n<p>Scatola rivestita in carta speciale Fedrigoni. Personalizzabile con nomi degli sposi. Chiusura con nastro in gros-grain.<br \/>\nAlbum confezionato in sacchetto di cotone, color avorio. Disponibile in tutti i formati per le linee <em>Contemporary<\/em>, <em>Couture<\/em> e <em>Modern<\/em>.<\/div>\n<\/div>\n<\/div>\n<\/div>\n<\/div>\n<\/div>\n<\/div>\n[\/vc_column_text][vc_raw_html]JTNDYSUyMG5hbWUlM0QlMjJsaW5lbiUyMiUzRSUzQyUyRmElM0U=[\/vc_raw_html][vc_raw_html]JTNDYSUyMG5hbWUlM0QlMjJsb3ZlYm94JTIyJTNFJTNDJTJGYSUzRQ==[\/vc_raw_html][\/vc_column][\/vc_row][vc_row center_row=&#8221;yes&#8221; css=&#8221;.vc_custom_1574540402332{padding-top: 30px !important;padding-bottom: 30px !important;}&#8221;][vc_column width=&#8221;2\/3&#8243;][rev_slider_vc alias=&#8221;new-love-box23&#8243;][\/vc_column][vc_column width=&#8221;1\/3&#8243;][vc_separator]<h2 class=\"vcex-module vcex-heading vcex-heading-plain\" style=\"font-size:32px;text-align:center;\"><span class=\"vcex-heading-inner clr\">NEW Love Box<\/span><\/h2>[vc_separator][vc_column_text css=&#8221;.vc_custom_1678353687741{padding-top: 30px !important;}&#8221;]Cofanetto con base in legno sbiancato, con chiusura a libro con nastro in gros-grain e il coperchio disponibile in un vasto assortimento di <a href=\"https:\/\/www.aurorabook.com\/it\/materiali-e-cartella-colori\/\">materiali e tessuti<\/a> pregiati personalizzabili con diverse Nobilitazioni oppure nella versione fotografica stampata in alta qualit\u00e0 direttamente su materiale tecnico Corvon.<\/p>\n<div>La Love Box \u00e8 disponibile in tutti i formati degli <a href=\"https:\/\/www.aurorabook.com\/it\/gli-album-wedding\/\">Album<\/a> delle linee <em><a href=\"https:\/\/www.aurorabook.com\/it\/aurora-contemporary\/\">Contemporary<\/a><\/em>, <em><a href=\"https:\/\/www.aurorabook.com\/it\/aurora-modern\/\">Couture<\/a><\/em> e <em><a href=\"https:\/\/www.aurorabook.com\/it\/aurora-modern\/\">Modern<\/a><\/em><\/div>\n<div><\/div>\n<div>\n<p><strong>Formati: <\/strong>20&#215;30&nbsp; | 24&#215;35&nbsp; |&nbsp; 25&#215;25&nbsp; | 30\u00d730 | 30&#215;40&nbsp; |&nbsp; 30&#215;45&nbsp; |&nbsp; 35\u00d735 | 40\u00d740<\/p>\n<div>H 7 cm<\/div>\n<\/div>\n[\/vc_column_text][vc_raw_html css=&#8221;.vc_custom_1721123568840{margin-top: -40px !important;}&#8221;]JTNDYSUyMG5hbWUlM0QlMjJsaW5lbmJveCUyMiUzRSUzQyUyRmElM0U=[\/vc_raw_html][\/vc_column][\/vc_row][vc_row center_row=&#8221;yes&#8221; css=&#8221;.vc_custom_1574540194213{padding-top: 30px !important;padding-bottom: 30px !important;}&#8221;][vc_column width=&#8221;2\/3&#8243;][rev_slider_vc alias=&#8221;linen-box&#8221;][\/vc_column][vc_column width=&#8221;1\/3&#8243;][vc_separator]<h2 class=\"vcex-module vcex-heading vcex-heading-plain\" style=\"font-size:32px;text-align:center;\"><span class=\"vcex-heading-inner clr\">Linen Box<\/span><\/h2>[vc_separator][vc_column_text css=&#8221;.vc_custom_1674642024402{padding-top: 30px !important;}&#8221;]\n<div class=\"page\" title=\"Page 97\">\n<div class=\"section\">\n<div class=\"layoutArea\">\n<div class=\"column\">\n<div class=\"page\" title=\"Page 92\">\n<div class=\"layoutArea\">\n<div class=\"column\">\n<div>\n<p>Cofanetto in tela personalizzabile con targhetta incisa quadrata o rettangolare.<\/p>\n<p><strong>Formati: <\/strong>30\u00d730 | 35\u00d724 | 40\u00d730 | 24\u00d732 | 30\u00d740<\/p>\n<p><strong>Colori:&nbsp;<\/strong><\/div>\n<\/div>\n<\/div>\n<\/div>\n<\/div>\n<\/div>\n<\/div>\n<\/div>\n[\/vc_column_text][vc_row_inner][vc_column_inner width=&#8221;1\/3&#8243;][vc_single_image image=&#8221;12552&#8243;][vc_column_text]\n<div class=\"page\" title=\"Page 97\">\n<div class=\"section\">\n<div class=\"layoutArea\">\n<div class=\"column\">\n<div class=\"page\" title=\"Page 92\">\n<div class=\"layoutArea\">\n<div class=\"column\">\n<p style=\"text-align: center;\">Grigio Perla<\/p>\n<\/div>\n<\/div>\n<\/div>\n<\/div>\n<\/div>\n<\/div>\n<\/div>\n[\/vc_column_text][\/vc_column_inner][vc_column_inner width=&#8221;1\/3&#8243;][vc_single_image image=&#8221;12997&#8243;][vc_column_text]\n<div class=\"page\" title=\"Page 97\">\n<div class=\"section\">\n<div class=\"layoutArea\">\n<div class=\"column\">\n<div class=\"page\" title=\"Page 92\">\n<div class=\"layoutArea\">\n<div class=\"column\">\n<p style=\"text-align: center;\">Grigio Scuro<\/p>\n<\/div>\n<\/div>\n<\/div>\n<\/div>\n<\/div>\n<\/div>\n<\/div>\n[\/vc_column_text][\/vc_column_inner][vc_column_inner width=&#8221;1\/3&#8243;][vc_single_image image=&#8221;12554&#8243;][vc_column_text]\n<div class=\"page\" title=\"Page 97\">\n<div class=\"section\">\n<div class=\"layoutArea\">\n<div class=\"column\">\n<div class=\"page\" title=\"Page 92\">\n<div class=\"layoutArea\">\n<div class=\"column\">\n<p style=\"text-align: center;\">Sabbia<\/p>\n<\/div>\n<\/div>\n<\/div>\n<\/div>\n<\/div>\n<\/div>\n<\/div>\n[\/vc_column_text][\/vc_column_inner][\/vc_row_inner][vc_raw_html css=&#8221;.vc_custom_1717755785437{margin-top: -40px !important;}&#8221;]JTNDYSUyMG5hbWUlM0QlMjJsaW5lbmJveG11c2V1bSUyMiUzRSUzQyUyRmElM0U=[\/vc_raw_html][\/vc_column][\/vc_row][vc_row center_row=&#8221;yes&#8221; css=&#8221;.vc_custom_1574540194213{padding-top: 30px !important;padding-bottom: 30px !important;}&#8221;][vc_column width=&#8221;2\/3&#8243;][rev_slider_vc alias=&#8221;linen-box-museum&#8221;][\/vc_column][vc_column width=&#8221;1\/3&#8243;][vc_separator]<h2 class=\"vcex-module vcex-heading vcex-heading-plain\" style=\"font-size:32px;text-align:center;\"><span class=\"vcex-heading-inner clr\">Linen Box Museum<\/span><\/h2>[vc_separator][vc_column_text css=&#8221;.vc_custom_1717753429877{padding-top: 30px !important;}&#8221;]\n<div class=\"page\" title=\"Page 97\">\n<div class=\"section\">\n<div class=\"layoutArea\">\n<div class=\"column\">\n<div class=\"page\" title=\"Page 92\">\n<div class=\"layoutArea\">\n<div class=\"column\">\n<p>Novit\u00e0! Linen Box Museum \u00e8 la versione elegante del cofanetto Linen, impreziosito all\u2019interno con una stampa su carta speciale Tintoretto, incorniciata con un passepartout realizzato in pura cellulosa \u2013 alphacellulosa \u2013 qualit\u00e0 Conservation, addizionati con Carbonio di Calcio. PH neutro e Acid Free.<br \/>\nIl cofanetto in tela \u00e8 personalizzabile con una targhetta in metallo incisa, quadrata o rettangolare.<\/p>\n<p><strong>Passepartout<\/strong>: disponibile nei colori bianco e nero, anima bianca, spessore 3 mm, taglio 45\u00b0.<strong><\/strong><\/p>\n<p><strong><br \/>\n<\/strong><strong><\/strong><\/div>\n<\/div>\n<\/div>\n<\/div>\n<\/div>\n<\/div>\n<\/div>\n[\/vc_column_text][vc_single_image image=&#8221;12983&#8243;][vc_column_text css=&#8221;.vc_custom_1717755737420{padding-top: 30px !important;}&#8221;]\n<div class=\"page\" title=\"Page 97\">\n<div class=\"section\">\n<div class=\"layoutArea\">\n<div class=\"column\">\n<div class=\"page\" title=\"Page 92\">\n<div class=\"layoutArea\">\n<div class=\"column\">\n<p><strong>Colori Linen Box Museum:<\/strong><\/div>\n<\/div>\n<\/div>\n<\/div>\n<\/div>\n<\/div>\n<\/div>\n[\/vc_column_text][vc_row_inner][vc_column_inner width=&#8221;1\/3&#8243;][vc_single_image image=&#8221;12552&#8243;][vc_column_text]\n<div class=\"page\" title=\"Page 97\">\n<div class=\"section\">\n<div class=\"layoutArea\">\n<div class=\"column\">\n<div class=\"page\" title=\"Page 92\">\n<div class=\"layoutArea\">\n<div class=\"column\">\n<p style=\"text-align: center;\">Grigio Perla<\/p>\n<\/div>\n<\/div>\n<\/div>\n<\/div>\n<\/div>\n<\/div>\n<\/div>\n[\/vc_column_text][\/vc_column_inner][vc_column_inner width=&#8221;1\/3&#8243;][vc_single_image image=&#8221;12997&#8243;][vc_column_text]\n<div class=\"page\" title=\"Page 97\">\n<div class=\"section\">\n<div class=\"layoutArea\">\n<div class=\"column\">\n<div class=\"page\" title=\"Page 92\">\n<div class=\"layoutArea\">\n<div class=\"column\">\n<p style=\"text-align: center;\">Grigio Scuro<\/p>\n<\/div>\n<\/div>\n<\/div>\n<\/div>\n<\/div>\n<\/div>\n<\/div>\n[\/vc_column_text][\/vc_column_inner][vc_column_inner width=&#8221;1\/3&#8243;][vc_single_image image=&#8221;12554&#8243;][vc_column_text]\n<div class=\"page\" title=\"Page 97\">\n<div class=\"section\">\n<div class=\"layoutArea\">\n<div class=\"column\">\n<div class=\"page\" title=\"Page 92\">\n<div class=\"layoutArea\">\n<div class=\"column\">\n<p style=\"text-align: center;\">Sabbia<\/p>\n<\/div>\n<\/div>\n<\/div>\n<\/div>\n<\/div>\n<\/div>\n<\/div>\n[\/vc_column_text][\/vc_column_inner][\/vc_row_inner][\/vc_column][\/vc_row][vc_row center_row=&#8221;yes&#8221; css=&#8221;.vc_custom_1602663936755{margin-top: -30px !important;}&#8221;][vc_column][vc_raw_html css=&#8221;.vc_custom_1646822301386{margin-top: -40px !important;}&#8221;]JTNDYSUyMG5hbWUlM0QlMjJzdXByZW1lYm94JTIyJTNFJTNDJTJGYSUzRQ==[\/vc_raw_html][\/vc_column][\/vc_row][vc_row center_row=&#8221;yes&#8221; css=&#8221;.vc_custom_1602664001615{padding-top: 10px !important;padding-bottom: 30px !important;}&#8221;][vc_column width=&#8221;2\/3&#8243;][rev_slider_vc alias=&#8221;supreme-box21&#8243;][vc_raw_html css=&#8221;.vc_custom_1646822291448{margin-top: -40px !important;}&#8221;]JTNDYSUyMG5hbWUlM0QlMjJnb2xkZW5ib3glMjIlM0UlM0MlMkZhJTNF[\/vc_raw_html][\/vc_column][vc_column width=&#8221;1\/3&#8243;][vc_separator]<h2 class=\"vcex-module vcex-heading vcex-heading-plain\" style=\"font-size:32px;text-align:center;\"><span class=\"vcex-heading-inner clr\">Supreme Box<\/span><\/h2>[vc_separator][vc_column_text css=&#8221;.vc_custom_1683644509875{padding-top: 30px !important;}&#8221;]\n<div class=\"page\" title=\"Page 97\">\n<div class=\"section\">\n<div class=\"layoutArea\">\n<div class=\"column\">\n<div class=\"page\" title=\"Page 92\">\n<div class=\"layoutArea\">\n<div class=\"column\">\n<div class=\"page\" title=\"Page 92\">\n<div class=\"layoutArea\">\n<div class=\"column\">\n<p>Scatola con coperchio realizzabile in tutti i materiali e colori della copertina o in stampa fotografica plastificata touch. Costa e interno scatola rivestite in carta pregiata Supreme, disponibile in diversi colori. Chiusura magnetica. Possibilit\u00e0 di nobilitazione sul coperchio.<\/p>\n<p>Disponibile con max 50 pagine per tutti gli album delle linee <em>Contemporary<\/em>, <em>Couture<\/em> e <em>Modern<\/em> e con max 60 pagine per <em>Linen Cover<\/em> e <em>Kyoto<\/em>.<\/div>\n<\/div>\n<\/div>\n<\/div>\n<\/div>\n<\/div>\n<\/div>\n<\/div>\n<\/div>\n<\/div>\n<p><strong><br \/>\nFormati: <\/strong>20&#215;30 | 30&#215;20 | 30&#215;30 | 24&#215;32 | 35&#215;24 | 30&#215;40 | 40&#215;30[\/vc_column_text][\/vc_column][\/vc_row][vc_row center_row=&#8221;yes&#8221; css=&#8221;.vc_custom_1476086293128{padding-top: 30px !important;padding-bottom: 30px !important;}&#8221;][vc_column width=&#8221;2\/3&#8243;][rev_slider_vc alias=&#8221;golden-box21&#8243;][\/vc_column][vc_column width=&#8221;1\/3&#8243;][vc_separator]<h2 class=\"vcex-module vcex-heading vcex-heading-plain\" style=\"font-size:32px;text-align:center;\"><span class=\"vcex-heading-inner clr\">Golden Box<\/span><\/h2>[vc_separator][vc_column_text css=&#8221;.vc_custom_1621946038614{padding-top: 30px !important;}&#8221;]\n<div class=\"page\" title=\"Page 97\">\n<div class=\"section\">\n<div class=\"layoutArea\">\n<div class=\"column\">\n<div class=\"page\" title=\"Page 92\">\n<div class=\"layoutArea\">\n<div class=\"column\">\n<div class=\"page\" title=\"Page 92\">\n<div class=\"layoutArea\">\n<div class=\"column\">\n<p>Scatola con chiusura a libro, personalizzabile in tutti i materiali e colori della copertina. Costa e interno scatola in carta telata disponibile in CT18, CT19, CT20, CT21, CT22. Possibilit\u00e0 di nobilitazione sul coperchio. Nella foto esempio di nobilitazione con targhetta plexiglass.<\/p><\/div>\n<\/div>\n<\/div>\n<\/div>\n<\/div>\n<\/div>\n<p>Disponibile per le linee <em>Contemporary<\/em>, <em>Couture<\/em> e <em>Modern<\/em>.<\/div>\n<\/div>\n<\/div>\n<\/div>\n<p><strong><br \/>\nFormati: <\/strong>30&#215;30 | 24&#215;35 | 35&#215;24 | 35&#215;35 | 30&#215;40 | 40&#215;30 | 30&#215;45 | 40&#215;40[\/vc_column_text][vc_raw_html]JTNDYSUyMG5hbWUlM0QlMjJwdXJlYm94JTIyJTNFJTNDJTJGYSUzRQ==[\/vc_raw_html][\/vc_column][\/vc_row][vc_row center_row=&#8221;yes&#8221; css=&#8221;.vc_custom_1574540340611{padding-top: 10px !important;}&#8221;][vc_column width=&#8221;2\/3&#8243;][rev_slider_vc alias=&#8221;purebox83&#8243;][\/vc_column][vc_column width=&#8221;1\/3&#8243;][vc_separator]<h2 class=\"vcex-module vcex-heading vcex-heading-plain\" style=\"font-size:32px;text-align:center;\"><span class=\"vcex-heading-inner clr\">Pure Box<\/span><\/h2>[vc_separator][vc_column_text css=&#8221;.vc_custom_1646666582821{padding-top: 30px !important;}&#8221;]\n<div class=\"page\" title=\"Page 97\">\n<div class=\"section\">\n<div class=\"layoutArea\">\n<div class=\"column\">\n<div class=\"\">\n<p><span class=\"\">Scatola con coperchio realizzabile in tutti <\/span>i materiali e colori della copertina o in stampa fotografica plastificata touch, chiusura magnetica. Possibilit\u00e0 di nobilitazione sul coperchio (non realizzabile sulla plastificazione).<br \/>\nDisponibili per gli album <em>Elinor<\/em>, <em>Emma<\/em> e <em>Contatto<\/em>.<\/p>\n<p><strong>Formati: <\/strong>20&#215;30 | 30&#215;30 | 30&#215;20 | 30&#215;40 | 40&#215;30<\/div>\n<\/div>\n<\/div>\n<\/div>\n<\/div>\n[\/vc_column_text][vc_raw_html]JTNDYSUyMG5hbWUlM0QlMjJ0ZW5kZXJib3glMjIlM0UlM0MlMkZhJTNF[\/vc_raw_html][\/vc_column][\/vc_row][vc_row center_row=&#8221;yes&#8221; css=&#8221;.vc_custom_1574540340611{padding-top: 10px !important;}&#8221;][vc_column width=&#8221;2\/3&#8243;][rev_slider_vc alias=&#8221;tender-box83&#8243;][\/vc_column][vc_column width=&#8221;1\/3&#8243;][vc_separator]<h2 class=\"vcex-module vcex-heading vcex-heading-plain\" style=\"font-size:32px;text-align:center;\"><span class=\"vcex-heading-inner clr\">Tender Box<\/span><\/h2>[vc_separator][vc_column_text css=&#8221;.vc_custom_1646666595083{padding-top: 30px !important;}&#8221;]\n<div class=\"page\" title=\"Page 97\">\n<div class=\"section\">\n<div class=\"layoutArea\">\n<div class=\"column\">\n<p>Scatola con coperchio realizzabile in tutti i materiali e colori della copertina, chiusura magnetica a libro. Possibilit\u00e0 di nobilitazione sul coperchio. Disponibili per gli album <em>Elinor<\/em>, <em>Emma <\/em>e&nbsp;<em>Contatto<\/em>.<\/p>\n<p><strong>Formati: <\/strong>20&#215;30 | 30&#215;30 | 30&#215;20 | 30&#215;40 | 40&#215;30<\/div>\n<\/div>\n<\/div>\n<\/div>\n[\/vc_column_text][vc_raw_html]JTNDYSUyMG5hbWUlM0QlMjJwbGV4aWJveCUyMiUzRSUzQyUyRmElM0U=[\/vc_raw_html][\/vc_column][\/vc_row][vc_row center_row=&#8221;yes&#8221; css=&#8221;.vc_custom_1574540340611{padding-top: 10px !important;}&#8221;][vc_column width=&#8221;2\/3&#8243;][rev_slider_vc alias=&#8221;plexi-box&#8221;][\/vc_column][vc_column width=&#8221;1\/3&#8243;][vc_separator]<h2 class=\"vcex-module vcex-heading vcex-heading-plain\" style=\"font-size:32px;text-align:center;\"><span class=\"vcex-heading-inner clr\">Plexi Box<\/span><\/h2>[vc_separator][vc_column_text css=&#8221;.vc_custom_1646388633964{padding-top: 30px !important;}&#8221;]\n<div class=\"page\" title=\"Page 97\">\n<div class=\"section\">\n<div class=\"layoutArea\">\n<div class=\"column\">\n<p>Scatola con coperchio in plexiglass, con chiusura magnetica.<br \/>\nDisponibili per gli album <em>Elinor<\/em>, <em>Emma&nbsp;e <\/em><em>Contatto<\/em>.<\/p>\n<p><strong>Formati: <\/strong>20&#215;30 | 30&#215;30 | 30&#215;20 | 30&#215;40 | 40&#215;30<\/div>\n<\/div>\n<\/div>\n<\/div>\n[\/vc_column_text][\/vc_column][\/vc_row][vc_row center_row=&#8221;yes&#8221; css=&#8221;.vc_custom_1476086280390{padding-top: 30px !important;padding-bottom: 30px !important;}&#8221;][vc_column width=&#8221;2\/3&#8243;][vc_single_image image=&#8221;4067&#8243;][\/vc_column][vc_column width=&#8221;1\/3&#8243;][vc_separator]<h2 class=\"vcex-module vcex-heading vcex-heading-plain\" style=\"font-size:32px;text-align:center;\"><span class=\"vcex-heading-inner clr\">Classic Bag<\/span><\/h2>[vc_separator][vc_column_text css=&#8221;.vc_custom_1621946095994{padding-top: 30px !important;}&#8221;]\n<div class=\"page\" title=\"Page 97\">\n<div class=\"section\">\n<div class=\"layoutArea\">\n<div class=\"column\">\n<p>Valigetta in Ecopelle<br \/>\nDisponibile per le linee <em>Contemporary<\/em>, <em>Couture<\/em> e <em>Modern<\/em>.<\/p>\n<p><strong>Colori:<\/strong>&nbsp;nero, bianco, marrone.<br \/>\n<strong>Formati:<\/strong> 30&#215;30 | 35&#215;35 | 30&#215;40<\/div>\n<\/div>\n<\/div>\n<\/div>\n[\/vc_column_text][\/vc_column][\/vc_row]\n","protected":false},"excerpt":{"rendered":"<p>[vc_row center_row=&#8221;yes&#8221; css=&#8221;.vc_custom_1574540194213{padding-top: 30px !important;padding-bottom: 30px !important;}&#8221;][vc_column width=&#8221;2\/3&#8243;][rev_slider_vc alias=&#8221;wedding-box21&#8243;][\/vc_column][vc_column width=&#8221;1\/3&#8243;][vc_separator][vc_separator][vc_column_text css=&#8221;.vc_custom_1620221877033{padding-top: 30px !important;}&#8221;] Scatola rivestita in carta speciale Fedrigoni. Personalizzabile con nomi degli sposi. Chiusura con nastro in gros-grain. Album confezionato in sacchetto di cotone, color avorio. Disponibile in tutti&hellip;<\/p>\n","protected":false},"author":394,"featured_media":0,"parent":0,"menu_order":0,"comment_status":"closed","ping_status":"closed","template":"","meta":[],"_links":{"self":[{"href":"https:\/\/www.aurorabook.com\/it\/wp-json\/wp\/v2\/pages\/3496"}],"collection":[{"href":"https:\/\/www.aurorabook.com\/it\/wp-json\/wp\/v2\/pages"}],"about":[{"href":"https:\/\/www.aurorabook.com\/it\/wp-json\/wp\/v2\/types\/page"}],"author":[{"embeddable":true,"href":"https:\/\/www.aurorabook.com\/it\/wp-json\/wp\/v2\/users\/394"}],"replies":[{"embeddable":true,"href":"https:\/\/www.aurorabook.com\/it\/wp-json\/wp\/v2\/comments?post=3496"}],"version-history":[{"count":100,"href":"https:\/\/www.aurorabook.com\/it\/wp-json\/wp\/v2\/pages\/3496\/revisions"}],"predecessor-version":[{"id":13721,"href":"https:\/\/www.aurorabook.com\/it\/wp-json\/wp\/v2\/pages\/3496\/revisions\/13721"}],"wp:attachment":[{"href":"https:\/\/www.aurorabook.com\/it\/wp-json\/wp\/v2\/media?parent=3496"}],"curies":[{"name":"wp","href":"https:\/\/api.w.org\/{rel}","templated":true}]}}