{"id":12235,"date":"2022-09-26T16:36:47","date_gmt":"2022-09-26T14:36:47","guid":{"rendered":"https:\/\/www.aurorabook.com\/?page_id=12235"},"modified":"2024-11-05T17:07:43","modified_gmt":"2024-11-05T16:07:43","slug":"carte","status":"publish","type":"page","link":"https:\/\/www.aurorabook.com\/it\/art-wall\/carte\/","title":{"rendered":"Carte"},"content":{"rendered":"[vc_row equal_height=&#8221;yes&#8221; center_row=&#8221;yes&#8221; css=&#8221;.vc_custom_1629901551708{margin-top: -10px !important;}&#8221;][vc_column width=&#8221;1\/2&#8243; css=&#8221;.vc_custom_1649881698755{margin-right: 15px !important;border-top-width: 1px !important;border-right-width: 1px !important;border-bottom-width: 1px !important;border-left-width: 1px !important;border-left-color: #dddddd !important;border-left-style: solid !important;border-right-color: #dddddd !important;border-right-style: solid !important;border-top-color: #dddddd !important;border-top-style: solid !important;border-bottom-color: #dddddd !important;border-bottom-style: solid !important;}&#8221;][vc_single_image image=&#8221;12268&#8243; alignment=&#8221;center&#8221; onclick=&#8221;zoom&#8221; css=&#8221;.vc_custom_1664547959284{margin-right: -15px !important;margin-left: -15px !important;}&#8221;]<h4 class=\"vcex-module vcex-heading vcex-heading-plain\" style=\"color:#878787;font-family:Georgia, serif;font-size:24px;font-weight:600;text-align:center;text-transform:none;\"><span class=\"vcex-heading-inner clr\">Stampa Fine Art<br \/>\nsu Hahnem\u00fchle Photo Rag 380 g<\/span><\/h4>[vc_column_text]\n<p style=\"text-align: center;\">\u00c8 composta al 100% in fibra di cotone e ha una superficie opaca che si presenta morbida al tatto. \u00c8 una carta estremamente versatile pu\u00f2 essere usata sia per stampe a colori che per fotografie in bianco e nero. La stampa \u00e8 certificata Digigraphie. Possibilit\u00e0 di scelta tra correzione manuale o ICC (non corretto).<\/p>\n[\/vc_column_text][\/vc_column][vc_column width=&#8221;1\/2&#8243; css=&#8221;.vc_custom_1664548822761{margin-left: 15px !important;border-top-width: 1px !important;border-right-width: 1px !important;border-bottom-width: 1px !important;border-left-width: 1px !important;border-left-color: #dddddd !important;border-left-style: solid !important;border-right-color: #dddddd !important;border-right-style: solid !important;border-top-color: #dddddd !important;border-top-style: solid !important;border-bottom-color: #dddddd !important;border-bottom-style: solid !important;}&#8221;][vc_single_image image=&#8221;12270&#8243; alignment=&#8221;center&#8221; onclick=&#8221;zoom&#8221; css=&#8221;.vc_custom_1664548037069{margin-right: -15px !important;margin-left: -15px !important;}&#8221;]<h4 class=\"vcex-module vcex-heading vcex-heading-plain\" style=\"color:#878787;font-family:Georgia, serif;font-size:24px;font-weight:600;text-align:center;text-transform:none;\"><span class=\"vcex-heading-inner clr\">Stampa Fine Art<br \/>\nsu Hahnem\u00fchle Torchon 285 g<\/span><\/h4>[vc_column_text]\n<p style=\"text-align: center;\">\u00c8 composta da cellulosa alfa al 100% con cui si ottiene la sua particolare superficie a grana grossa e di un bianco chiaro che dona ai soggetti un effetto tridimensionale. La stampa \u00e8 certificata Digigraphie. Possibilit\u00e0 di scelta tra correzione manuale o ICC (non corretto).<\/p>\n[\/vc_column_text][\/vc_column][\/vc_row][vc_row equal_height=&#8221;yes&#8221; center_row=&#8221;yes&#8221; css=&#8221;.vc_custom_1664549277733{margin-top: -10px !important;}&#8221;][vc_column width=&#8221;1\/2&#8243; css=&#8221;.vc_custom_1649881698755{margin-right: 15px !important;border-top-width: 1px !important;border-right-width: 1px !important;border-bottom-width: 1px !important;border-left-width: 1px !important;border-left-color: #dddddd !important;border-left-style: solid !important;border-right-color: #dddddd !important;border-right-style: solid !important;border-top-color: #dddddd !important;border-top-style: solid !important;border-bottom-color: #dddddd !important;border-bottom-style: solid !important;}&#8221;][vc_single_image image=&#8221;12266&#8243; alignment=&#8221;center&#8221; onclick=&#8221;zoom&#8221; css=&#8221;.vc_custom_1664548183879{margin-right: -15px !important;margin-left: -15px !important;}&#8221;]<h4 class=\"vcex-module vcex-heading vcex-heading-plain\" style=\"color:#878787;font-family:Georgia, serif;font-size:24px;font-weight:600;text-align:center;text-transform:none;\"><span class=\"vcex-heading-inner clr\">Stampa Fine Art<br \/>\nsu Photo Rag Baryta 315 g<\/span><\/h4>[vc_column_text]\n<p style=\"text-align: center;\">Composta al 100% in fibra di cotone con superficie semi-lucida.<br \/>\nPunto di riferimento per le carte baritate. Consente di ottenere una profondit\u00e0 e nitidezza del colore e un bianco caldo naturale. Una carta pregiata perfetta per qualunque soggetto. La stampa \u00e8 certificata Digigraphie. Possibilit\u00e0 di scelta tra correzione manuale o ICC (non corretto).[\/vc_column_text][vc_raw_html]JTNDYSUyMG5hbWUlM0QlMjJtYXhpbWElMjIlM0UlMjZuYnNwJTNCJTNDJTJGYSUzRQ==[\/vc_raw_html][\/vc_column][vc_column width=&#8221;1\/2&#8243; css=&#8221;.vc_custom_1664548832136{margin-left: 15px !important;border-top-width: 1px !important;border-right-width: 1px !important;border-bottom-width: 1px !important;border-left-width: 1px !important;border-left-color: #dddddd !important;border-left-style: solid !important;border-right-color: #dddddd !important;border-right-style: solid !important;border-top-color: #dddddd !important;border-top-style: solid !important;border-bottom-color: #dddddd !important;border-bottom-style: solid !important;}&#8221;][vc_single_image image=&#8221;12272&#8243; alignment=&#8221;center&#8221; onclick=&#8221;zoom&#8221; css=&#8221;.vc_custom_1664548274192{margin-right: -15px !important;margin-left: -15px !important;}&#8221;]<h4 class=\"vcex-module vcex-heading vcex-heading-plain\" style=\"color:#878787;font-family:Georgia, serif;font-size:24px;font-weight:600;text-align:center;text-transform:none;\"><span class=\"vcex-heading-inner clr\">Stampa Fine Art<br \/>\nsu Smooth 280 g<\/span><\/h4>[vc_column_text]\n<p style=\"text-align: center;\">Superficie opaca liscia ed extra-bianca.<br \/>\nOttima per riproduzioni di immagini brillanti,<br \/>\nottima definizione e ampia gamma colore.<br \/>\nLa stampa \u00e8 certificata Digigraphie.<br \/>\nPossibilit\u00e0 di scelta tra correzione manuale<br \/>\no ICC (non corretto).\n<\/p>\n[\/vc_column_text][vc_raw_html]JTNDYSUyMG5hbWUlM0QlMjJtYXhpbWElMjIlM0UlM0MlMkZhJTNF[\/vc_raw_html][\/vc_column][\/vc_row][vc_row equal_height=&#8221;yes&#8221; center_row=&#8221;yes&#8221; css=&#8221;.vc_custom_1629901551708{margin-top: -10px !important;}&#8221;][vc_column width=&#8221;1\/2&#8243; css=&#8221;.vc_custom_1649881698755{margin-right: 15px !important;border-top-width: 1px !important;border-right-width: 1px !important;border-bottom-width: 1px !important;border-left-width: 1px !important;border-left-color: #dddddd !important;border-left-style: solid !important;border-right-color: #dddddd !important;border-right-style: solid !important;border-top-color: #dddddd !important;border-top-style: solid !important;border-bottom-color: #dddddd !important;border-bottom-style: solid !important;}&#8221;][vc_single_image image=&#8221;12785&#8243; alignment=&#8221;center&#8221; onclick=&#8221;zoom&#8221; css=&#8221;.vc_custom_1688979493478{margin-right: -15px !important;margin-left: -15px !important;}&#8221;]<h4 class=\"vcex-module vcex-heading vcex-heading-plain\" style=\"color:#878787;font-family:Georgia, serif;font-size:24px;font-weight:600;text-align:center;text-transform:none;\"><span class=\"vcex-heading-inner clr\">Stampa Fotografica su<br \/>\nProfessional DPII Lucida o Opaca<\/span><\/h4>[vc_column_text]\n<p style=\"text-align: center;\">Fujicolor Crystal DP II: la carta fotografica, perfetta per la stampa professionale, riproduce una gamma di colori incredibilmente vasta ed \u00e8 disponibile con finitura opaca e lucida.<br \/>\nPossibilit\u00e0 di scelta tra correzione manuale<br \/>\no ICC (non corretto).<\/p>\n[\/vc_column_text][\/vc_column][vc_column width=&#8221;1\/2&#8243; css=&#8221;.vc_custom_1664548832136{margin-left: 15px !important;border-top-width: 1px !important;border-right-width: 1px !important;border-bottom-width: 1px !important;border-left-width: 1px !important;border-left-color: #dddddd !important;border-left-style: solid !important;border-right-color: #dddddd !important;border-right-style: solid !important;border-top-color: #dddddd !important;border-top-style: solid !important;border-bottom-color: #dddddd !important;border-bottom-style: solid !important;}&#8221;][vc_single_image image=&#8221;12256&#8243; alignment=&#8221;center&#8221; onclick=&#8221;zoom&#8221; css=&#8221;.vc_custom_1664549011835{margin-right: -15px !important;margin-left: -15px !important;}&#8221;]<h4 class=\"vcex-module vcex-heading vcex-heading-plain\" style=\"color:#878787;font-family:Georgia, serif;font-size:24px;font-weight:600;text-align:center;text-transform:none;\"><span class=\"vcex-heading-inner clr\">Stampa Fotografica su Metal<\/span><\/h4>[vc_column_text]\n<p style=\"text-align: center;\">Carta Metallica alta definizione dall&#8217;inconfondibile effetto metallizzato espressamente ideato per l&#8217;esposizione digitale, con stabilit\u00e0 dell&#8217;immagine superiore a 100 anni. Ideata per i professionisti che aspirano a dare un&#8217;impronta stilistica inconfondibile alle stampe commerciali e di ritratti per aprirsi a nuove prospettive. La finitura lucida e l&#8217;effetto metallizzato conferiscono all&#8217;immagine una vivacit\u00e0 e una profondit\u00e0 eccezionali. Si presta agli impieghi pi\u00f9 diversi, dalla ritrattistica alle applicazioni commerciali.<\/p>\n[\/vc_column_text][\/vc_column][\/vc_row][vc_row equal_height=&#8221;yes&#8221; center_row=&#8221;yes&#8221; css=&#8221;.vc_custom_1629901551708{margin-top: -10px !important;}&#8221;][vc_column width=&#8221;1\/2&#8243; css=&#8221;.vc_custom_1649881698755{margin-right: 15px !important;border-top-width: 1px !important;border-right-width: 1px !important;border-bottom-width: 1px !important;border-left-width: 1px !important;border-left-color: #dddddd !important;border-left-style: solid !important;border-right-color: #dddddd !important;border-right-style: solid !important;border-top-color: #dddddd !important;border-top-style: solid !important;border-bottom-color: #dddddd !important;border-bottom-style: solid !important;}&#8221;][vc_single_image image=&#8221;12258&#8243; alignment=&#8221;center&#8221; onclick=&#8221;zoom&#8221; css=&#8221;.vc_custom_1664548982405{margin-right: -15px !important;margin-left: -15px !important;}&#8221;]<h4 class=\"vcex-module vcex-heading vcex-heading-plain\" style=\"color:#878787;font-family:Georgia, serif;font-size:24px;font-weight:600;text-align:center;text-transform:none;\"><span class=\"vcex-heading-inner clr\">Stampa Fotografica su Velvet<\/span><\/h4>[vc_column_text]\n<p style=\"text-align: center;\">Carta extra-opaca, vellutata al tatto con un&#8217;alta qualit\u00e0 di stampa. Ha uno spessore maggiore ed una sensazione al tatto che ricorda le carte di cotone stampate a getto d&#8217;inchiostro. Stampa di ottima qualit\u00e0 perfetta per tutte le applicazioni fotografiche professionali, dalla ritrattistica agli eventi nuziali fino alla fotografia commerciale.<br \/>\n&nbsp;<br \/>\n&nbsp;<br \/>\n&nbsp;[\/vc_column_text][vc_raw_html]JTNDYSUyMG5hbWUlM0QlMjJ0aW50b3JldHRvJTIyJTNFJTNDJTJGYSUzRQ==[\/vc_raw_html][\/vc_column][vc_column width=&#8221;1\/2&#8243; css=&#8221;.vc_custom_1664548832136{margin-left: 15px !important;border-top-width: 1px !important;border-right-width: 1px !important;border-bottom-width: 1px !important;border-left-width: 1px !important;border-left-color: #dddddd !important;border-left-style: solid !important;border-right-color: #dddddd !important;border-right-style: solid !important;border-top-color: #dddddd !important;border-top-style: solid !important;border-bottom-color: #dddddd !important;border-bottom-style: solid !important;}&#8221;][vc_single_image image=&#8221;12264&#8243; alignment=&#8221;center&#8221; onclick=&#8221;zoom&#8221; css=&#8221;.vc_custom_1664549087837{margin-right: -15px !important;margin-left: -15px !important;}&#8221;]<h4 class=\"vcex-module vcex-heading vcex-heading-plain\" style=\"color:#878787;font-family:Georgia, serif;font-size:24px;font-weight:600;text-align:center;text-transform:none;\"><span class=\"vcex-heading-inner clr\">Stampa Digitale Offset<br \/>\nsu Tintoretto Gesso 250 g<\/span><\/h4>[vc_column_text]\n<p style=\"text-align: center;\">La carta Tintoretto Gesso Fedrigoni \u00e8 caratterizzata da una stampa particolarmente nitida e brillante, grazie al trattamento speciale &#8220;Gesso&#8221; dove la carta viene marcata a feltro su entrambi i lati. La trama superficiale della carta Tintoretto \u00e8 leggera e uniforme per un incredibile effetto a &#8220;buccia d&#8217;arancia&#8221;. La stampa \u00e8 realizzata con la tecnologia offset di Hp Indigo, punta di eccellenza per la stampa digitale.<br \/>\n&nbsp;[\/vc_column_text][\/vc_column][\/vc_row][vc_row equal_height=&#8221;yes&#8221; center_row=&#8221;yes&#8221; css=&#8221;.vc_custom_1629901551708{margin-top: -10px !important;}&#8221;][vc_column width=&#8221;1\/2&#8243; css=&#8221;.vc_custom_1649881698755{margin-right: 15px !important;border-top-width: 1px !important;border-right-width: 1px !important;border-bottom-width: 1px !important;border-left-width: 1px !important;border-left-color: #dddddd !important;border-left-style: solid !important;border-right-color: #dddddd !important;border-right-style: solid !important;border-top-color: #dddddd !important;border-top-style: solid !important;border-bottom-color: #dddddd !important;border-bottom-style: solid !important;}&#8221;][vc_single_image image=&#8221;12262&#8243; alignment=&#8221;center&#8221; onclick=&#8221;zoom&#8221; css=&#8221;.vc_custom_1664549050918{margin-right: -15px !important;margin-left: -15px !important;}&#8221;]<h4 class=\"vcex-module vcex-heading vcex-heading-plain\" style=\"color:#878787;font-family:Georgia, serif;font-size:24px;font-weight:600;text-align:center;text-transform:none;\"><span class=\"vcex-heading-inner clr\">Stampa Digitale Offset<br \/>\nsu Usomano Arena Smooth 350 g<\/span><\/h4>[vc_column_text]\n<p style=\"text-align: center;\">La carta Fedrigoni Arena<sup>\u00a9<\/sup>, razionale ed elegante, perfetta per testi, illustrazioni e immagini soddisfa ogni esigenza di rilegatura e cartotecnica. Non patinata di derivazione usomano, di pura cellulosa ecologica a basso contenuto di cloro, ha una superficie straordinariamente liscia e vellutata, \u00e8 estremamente versatile e garantisce il pi\u00f9 alto standard qualitativo. La stampa \u00e8 realizzata con la tecnologia offset di Hp Indigo, punta di eccellenza per la stampa digitale.<\/p>\n[\/vc_column_text][\/vc_column][vc_column width=&#8221;1\/2&#8243; css=&#8221;.vc_custom_1664548832136{margin-left: 15px !important;border-top-width: 1px !important;border-right-width: 1px !important;border-bottom-width: 1px !important;border-left-width: 1px !important;border-left-color: #dddddd !important;border-left-style: solid !important;border-right-color: #dddddd !important;border-right-style: solid !important;border-top-color: #dddddd !important;border-top-style: solid !important;border-bottom-color: #dddddd !important;border-bottom-style: solid !important;}&#8221;][vc_single_image image=&#8221;12260&#8243; alignment=&#8221;center&#8221; onclick=&#8221;zoom&#8221; css=&#8221;.vc_custom_1664549149768{margin-right: -15px !important;margin-left: -15px !important;}&#8221;]<h4 class=\"vcex-module vcex-heading vcex-heading-plain\" style=\"color:#878787;font-family:Georgia, serif;font-size:24px;font-weight:600;text-align:center;text-transform:none;\"><span class=\"vcex-heading-inner clr\">Stampa Digitale Offset<br \/>\nsu Acquerello Avorio 280 g<\/span><\/h4>[vc_column_text]\n<p style=\"text-align: center;\">&Egrave; la carta della tradizione, finemente marcata a feltro su entrambi i lati con una trama lineare. Realizzata con pura cellulosa ecologica ECF e certificate FSC\u00ae. La stampa \u00e8 realizzata con la tecnologia offset di Hp Indigo, punta di eccellenza per la stampa digitale.<\/p>\n[\/vc_column_text][\/vc_column][\/vc_row][vc_row equal_height=&#8221;yes&#8221; center_row=&#8221;yes&#8221; css=&#8221;.vc_custom_1627564220847{margin-top: 10px !important;}&#8221;][vc_column css=&#8221;.vc_custom_1475836977142{border-bottom-width: 2px !important;}&#8221;][\/vc_column][\/vc_row]\n","protected":false},"excerpt":{"rendered":"<p>[vc_row equal_height=&#8221;yes&#8221; center_row=&#8221;yes&#8221; css=&#8221;.vc_custom_1629901551708{margin-top: -10px !important;}&#8221;][vc_column width=&#8221;1\/2&#8243; css=&#8221;.vc_custom_1649881698755{margin-right: 15px !important;border-top-width: 1px !important;border-right-width: 1px !important;border-bottom-width: 1px !important;border-left-width: 1px !important;border-left-color: #dddddd !important;border-left-style: solid !important;border-right-color: #dddddd !important;border-right-style: solid !important;border-top-color: #dddddd !important;border-top-style: solid !important;border-bottom-color: #dddddd !important;border-bottom-style: solid !important;}&#8221;][vc_single_image image=&#8221;12268&#8243; alignment=&#8221;center&#8221; onclick=&#8221;zoom&#8221; css=&#8221;.vc_custom_1664547959284{margin-right: -15px !important;margin-left:&hellip;<\/p>\n","protected":false},"author":1,"featured_media":0,"parent":12230,"menu_order":0,"comment_status":"closed","ping_status":"closed","template":"","meta":[],"_links":{"self":[{"href":"https:\/\/www.aurorabook.com\/it\/wp-json\/wp\/v2\/pages\/12235"}],"collection":[{"href":"https:\/\/www.aurorabook.com\/it\/wp-json\/wp\/v2\/pages"}],"about":[{"href":"https:\/\/www.aurorabook.com\/it\/wp-json\/wp\/v2\/types\/page"}],"author":[{"embeddable":true,"href":"https:\/\/www.aurorabook.com\/it\/wp-json\/wp\/v2\/users\/1"}],"replies":[{"embeddable":true,"href":"https:\/\/www.aurorabook.com\/it\/wp-json\/wp\/v2\/comments?post=12235"}],"version-history":[{"count":31,"href":"https:\/\/www.aurorabook.com\/it\/wp-json\/wp\/v2\/pages\/12235\/revisions"}],"predecessor-version":[{"id":13130,"href":"https:\/\/www.aurorabook.com\/it\/wp-json\/wp\/v2\/pages\/12235\/revisions\/13130"}],"up":[{"embeddable":true,"href":"https:\/\/www.aurorabook.com\/it\/wp-json\/wp\/v2\/pages\/12230"}],"wp:attachment":[{"href":"https:\/\/www.aurorabook.com\/it\/wp-json\/wp\/v2\/media?parent=12235"}],"curies":[{"name":"wp","href":"https:\/\/api.w.org\/{rel}","templated":true}]}}