{"id":11931,"date":"2022-06-09T16:31:32","date_gmt":"2022-06-09T14:31:32","guid":{"rendered":"https:\/\/www.aurorabook.com\/?page_id=11931"},"modified":"2022-07-21T12:05:22","modified_gmt":"2022-07-21T10:05:22","slug":"stomp-software","status":"publish","type":"page","link":"https:\/\/www.aurorabook.com\/it\/stomp-software\/","title":{"rendered":"Stomp Software"},"content":{"rendered":"[vc_row center_row=&#8221;yes&#8221; css=&#8221;.vc_custom_1654787191958{padding-bottom: 20px !important;}&#8221;][vc_column][vc_single_image image=&#8221;11939&#8243; img_size=&#8221;medium&#8221; alignment=&#8221;center&#8221;]<h2 class=\"vcex-module vcex-heading vcex-heading-plain vc_custom_1655389807931\" style=\"font-size:18px;font-weight:600;text-align:center;\"><span class=\"vcex-heading-inner clr\">\u00c8 VELOCE. \u00c8 DIVERTENTE. \u00c8 FLESSIBILE. E PER TE ANCHE GRATUITO!<\/span><\/h2>[vc_column_text css=&#8221;.vc_custom_1655129515957{margin-bottom: 20px !important;}&#8221;]\n<p style=\"text-align: center;\">Un\u2019occasione imperdibile!<br \/>\nLa partnership Aurora Book e <a href=\"https:\/\/www.stompsoftware.com\/\" target=\"_blank\" rel=\"noopener noreferrer\">StompSoftware<\/a> ti garantisce l&#8217;accesso completo<br \/>\ne illimitato al software <strong><a href=\"https:\/\/www.stompsoftware.com\/store\/\" target=\"_blank\" rel=\"noopener noreferrer\">AlbumStomp2<\/a><\/strong> nella versione \u201cThe Single User Pack\u201d<\/p>\n<p style=\"text-align: center;\">Con <strong><a href=\"https:\/\/www.stompsoftware.com\/store\/\" target=\"_blank\" rel=\"noopener noreferrer\">AlbumStomp2<\/a> <\/strong>potrai impaginare i tuoi album in maniera professionale in pochissimi minuti!<\/p>\n<p style=\"text-align: center;\">Grazie alla promozione AURORASTOMP, <a href=\"https:\/\/www.stompsoftware.com\/\" target=\"_blank\" rel=\"noopener noreferrer\">StompSoftware<\/a>&nbsp;non ti coster\u00e0 nulla.<\/p>\n[\/vc_column_text][rev_slider_vc alias=&#8221;stompsoftware&#8221;][vc_column_text css=&#8221;.vc_custom_1655390021926{margin-top: 50px !important;}&#8221;]\n<p style=\"text-align: center;\">La licenza per utente singolo include due installazioni su due macchine diverse.<\/p>\n<p style=\"text-align: center;\">Guarda il <a href=\"https:\/\/vimeo.com\/285056448\" target=\"_blank\" rel=\"noopener noreferrer\">video<\/a> pi\u00f9 dettagliato e scopri le funzioni e gli strumenti del software:<br \/>\navrai le basi per impaginare in modo rapido e professionale i tuoi servizi fotografici!<\/p>\n<p style=\"text-align: center;\"><span style=\"font-size: 21px;\">HAPPY STOMPING!<\/span><\/p>\n<p style=\"text-align: center;\">Il tuo commerciale di riferimento e&nbsp;<a href=\"mailto:info@aurorabook.com\">Valentina Ciavolino<\/a>, contattabile al numero 0434 634293,<br \/>\nsono a disposizione per fornirti informazioni sulla promozione in corso.<\/p>\n[\/vc_column_text][\/vc_column][\/vc_row]\n","protected":false},"excerpt":{"rendered":"<p>[vc_row center_row=&#8221;yes&#8221; css=&#8221;.vc_custom_1654787191958{padding-bottom: 20px !important;}&#8221;][vc_column][vc_single_image image=&#8221;11939&#8243; img_size=&#8221;medium&#8221; alignment=&#8221;center&#8221;][vc_column_text css=&#8221;.vc_custom_1655129515957{margin-bottom: 20px !important;}&#8221;] Un\u2019occasione imperdibile! La partnership Aurora Book e StompSoftware ti garantisce l&#8217;accesso completo e illimitato al software AlbumStomp2 nella versione \u201cThe Single User Pack\u201d Con AlbumStomp2 potrai impaginare i tuoi&hellip;<\/p>\n","protected":false},"author":1,"featured_media":0,"parent":0,"menu_order":0,"comment_status":"closed","ping_status":"closed","template":"","meta":[],"_links":{"self":[{"href":"https:\/\/www.aurorabook.com\/it\/wp-json\/wp\/v2\/pages\/11931"}],"collection":[{"href":"https:\/\/www.aurorabook.com\/it\/wp-json\/wp\/v2\/pages"}],"about":[{"href":"https:\/\/www.aurorabook.com\/it\/wp-json\/wp\/v2\/types\/page"}],"author":[{"embeddable":true,"href":"https:\/\/www.aurorabook.com\/it\/wp-json\/wp\/v2\/users\/1"}],"replies":[{"embeddable":true,"href":"https:\/\/www.aurorabook.com\/it\/wp-json\/wp\/v2\/comments?post=11931"}],"version-history":[{"count":13,"href":"https:\/\/www.aurorabook.com\/it\/wp-json\/wp\/v2\/pages\/11931\/revisions"}],"predecessor-version":[{"id":12132,"href":"https:\/\/www.aurorabook.com\/it\/wp-json\/wp\/v2\/pages\/11931\/revisions\/12132"}],"wp:attachment":[{"href":"https:\/\/www.aurorabook.com\/it\/wp-json\/wp\/v2\/media?parent=11931"}],"curies":[{"name":"wp","href":"https:\/\/api.w.org\/{rel}","templated":true}]}}